{"id":2,"date":"2026-05-03T19:23:27","date_gmt":"2026-05-03T19:23:27","guid":{"rendered":"https:\/\/intoisannointi.fi\/?page_id=2"},"modified":"2026-05-03T20:08:39","modified_gmt":"2026-05-03T20:08:39","slug":"sample-page","status":"publish","type":"page","link":"https:\/\/intoisannointi.fi\/","title":{"rendered":"Into Is\u00e4nn\u00f6inti k\u00e4ynnistyy kes\u00e4ll\u00e4 2026 \u2013 sivusto rakentuu parhaillaan"},"content":{"rendered":"\n<p>Olen Mika Forsstr\u00f6m, ja minulla on pitk\u00e4 kokemus asunto-osakeyhti\u00f6iden hallitusty\u00f6st\u00e4 sek\u00e4 is\u00e4nn\u00f6innist\u00e4 k\u00e4yt\u00e4nn\u00f6n tasolla. Nyt vien t\u00e4m\u00e4n osaamisen ammattimaiseksi palveluksi.<\/p>\n\n\n\n<p>Into Is\u00e4nn\u00f6innin tavoite on yksinkertainen: tarjota pienille taloyhti\u00f6ille parempaa is\u00e4nn\u00f6inti\u00e4 kuin mit\u00e4 markkinoilla yleens\u00e4 on saatavilla \u2013 selke\u00e4mp\u00e4\u00e4, nopeampaa ja aidosti toimivaa.<\/p>\n\n\n\n<p>Hy\u00f6dynn\u00e4n ty\u00f6ss\u00e4ni uusinta alan tietoa sek\u00e4 moderneja digitaalisia ty\u00f6kaluja, joiden avulla is\u00e4nn\u00f6inti hoituu tehokkaasti ja sujuvasti. Et\u00e4toimintamalli mahdollistaa laadukkaan palvelun kustannustehokkaasti.<\/p>\n\n\n\n<p>\ud83d\udc49 Jos haluatte is\u00e4nn\u00f6innin, joka oikeasti toimii, Into Is\u00e4nn\u00f6inti on tulossa teit\u00e4 varten<\/p>\n","protected":false},"excerpt":{"rendered":"<p>Olen Mika Forsstr\u00f6m, ja minulla on pitk\u00e4 kokemus asunto-osakeyhti\u00f6iden hallitusty\u00f6st\u00e4 sek\u00e4 is\u00e4nn\u00f6innist\u00e4 k\u00e4yt\u00e4nn\u00f6n tasolla. Nyt vien t\u00e4m\u00e4n osaamisen ammattimaiseksi palveluksi. Into Is\u00e4nn\u00f6innin tavoite on yksinkertainen: tarjota pienille taloyhti\u00f6ille parempaa is\u00e4nn\u00f6inti\u00e4 kuin mit\u00e4 markkinoilla yleens\u00e4 on saatavilla \u2013 selke\u00e4mp\u00e4\u00e4, nopeampaa ja aidosti toimivaa. Hy\u00f6dynn\u00e4n ty\u00f6ss\u00e4ni uusinta alan tietoa sek\u00e4 moderneja digitaalisia ty\u00f6kaluja, joiden avulla is\u00e4nn\u00f6inti hoituu &hellip; <\/p>\n<p class=\"link-more\"><a href=\"https:\/\/intoisannointi.fi\/\" class=\"more-link\">Jatka lukemista<span class=\"screen-reader-text\"> &#8221;Into Is\u00e4nn\u00f6inti k\u00e4ynnistyy kes\u00e4ll\u00e4 2026 \u2013 sivusto rakentuu parhaillaan&#8221;<\/span><\/a><\/p>\n","protected":false},"author":1,"featured_media":0,"parent":0,"menu_order":0,"comment_status":"closed","ping_status":"open","template":"","meta":{"footnotes":""},"class_list":["post-2","page","type-page","status-publish","hentry"],"_links":{"self":[{"href":"https:\/\/intoisannointi.fi\/index.php?rest_route=\/wp\/v2\/pages\/2","targetHints":{"allow":["GET"]}}],"collection":[{"href":"https:\/\/intoisannointi.fi\/index.php?rest_route=\/wp\/v2\/pages"}],"about":[{"href":"https:\/\/intoisannointi.fi\/index.php?rest_route=\/wp\/v2\/types\/page"}],"author":[{"embeddable":true,"href":"https:\/\/intoisannointi.fi\/index.php?rest_route=\/wp\/v2\/users\/1"}],"replies":[{"embeddable":true,"href":"https:\/\/intoisannointi.fi\/index.php?rest_route=%2Fwp%2Fv2%2Fcomments&post=2"}],"version-history":[{"count":1,"href":"https:\/\/intoisannointi.fi\/index.php?rest_route=\/wp\/v2\/pages\/2\/revisions"}],"predecessor-version":[{"id":14,"href":"https:\/\/intoisannointi.fi\/index.php?rest_route=\/wp\/v2\/pages\/2\/revisions\/14"}],"wp:attachment":[{"href":"https:\/\/intoisannointi.fi\/index.php?rest_route=%2Fwp%2Fv2%2Fmedia&parent=2"}],"curies":[{"name":"wp","href":"https:\/\/api.w.org\/{rel}","templated":true}]}}